{"id":719,"date":"2020-03-19T22:20:09","date_gmt":"2020-03-19T21:20:09","guid":{"rendered":"http:\/\/portail.pmoreau.ac-reunion.fr\/wordpress\/mathsts\/?page_id=719"},"modified":"2020-03-19T23:15:36","modified_gmt":"2020-03-19T22:15:36","slug":"poursuivre-lenseignement-a-distance-covid-19","status":"publish","type":"page","link":"https:\/\/portail.pmoreau.ac-reunion.fr\/wordpress\/mathsts\/poursuivre-lenseignement-a-distance-covid-19\/","title":{"rendered":"Poursuivre l&#8217;enseignement \u00e0 distance ( COVID &#8211; 19 )"},"content":{"rendered":"\n<p>Bonjour \u00e0 tous,<\/p>\n<p>suite aux mesures de confinement, les cours tels que vous les connaissiez ne pourront pas avoir lieu. Je vous propose d&#8217;utiliser cet outil pour pouvoir organiser un semblant de classe.\u00a0<\/p>\n<p>Des articles seront post\u00e9s pour faire avancer le cours et votre travail; vous devrez participer dans les commentaires afin de poser vos questions ou d&#8217;aider un camarade. (Votre premier commentaire sera l&#8217;objet d&#8217;une validation de ma part ensuite vous pourrez les voir appara\u00eetre automatiquement.)\u00a0<\/p>\n<p>Du travail sera \u00e0 rendre sous format num\u00e9rique (PDF ou photo) \u00e0 chaque fois et cela \u00e0 l&#8217;adresse suivant Remi.Bloch@ac-r\u00e9union.fr.<\/p>\n<p>\u00a0<\/p>\n<p>En esp\u00e9rant que cela ne dure pas trop longtemps et que votre r\u00e9ussite soit au bout de ce chemin.<\/p>\n<p>\u00a0<\/p>\n<p>Bon courage \u00e0 tous<\/p>\n<p>\u00a0<\/p>\n<p>M. BLOCH\u00a0<\/p>\n","protected":false},"excerpt":{"rendered":"<p>Bonjour \u00e0 tous, suite aux mesures de confinement, les cours tels que vous les connaissiez ne pourront pas avoir lieu. Je vous propose d&#8217;utiliser cet outil pour pouvoir organiser un semblant de classe.\u00a0 Des articles seront post\u00e9s pour faire avancer le cours et votre travail; vous devrez participer dans les commentaires afin de poser vos [&hellip;]<\/p>\n","protected":false},"author":16,"featured_media":0,"parent":0,"menu_order":0,"comment_status":"closed","ping_status":"closed","template":"","meta":{"_links_to":"","_links_to_target":""},"_links":{"self":[{"href":"https:\/\/portail.pmoreau.ac-reunion.fr\/wordpress\/mathsts\/wp-json\/wp\/v2\/pages\/719"}],"collection":[{"href":"https:\/\/portail.pmoreau.ac-reunion.fr\/wordpress\/mathsts\/wp-json\/wp\/v2\/pages"}],"about":[{"href":"https:\/\/portail.pmoreau.ac-reunion.fr\/wordpress\/mathsts\/wp-json\/wp\/v2\/types\/page"}],"author":[{"embeddable":true,"href":"https:\/\/portail.pmoreau.ac-reunion.fr\/wordpress\/mathsts\/wp-json\/wp\/v2\/users\/16"}],"replies":[{"embeddable":true,"href":"https:\/\/portail.pmoreau.ac-reunion.fr\/wordpress\/mathsts\/wp-json\/wp\/v2\/comments?post=719"}],"version-history":[{"count":2,"href":"https:\/\/portail.pmoreau.ac-reunion.fr\/wordpress\/mathsts\/wp-json\/wp\/v2\/pages\/719\/revisions"}],"predecessor-version":[{"id":741,"href":"https:\/\/portail.pmoreau.ac-reunion.fr\/wordpress\/mathsts\/wp-json\/wp\/v2\/pages\/719\/revisions\/741"}],"wp:attachment":[{"href":"https:\/\/portail.pmoreau.ac-reunion.fr\/wordpress\/mathsts\/wp-json\/wp\/v2\/media?parent=719"}],"curies":[{"name":"wp","href":"https:\/\/api.w.org\/{rel}","templated":true}]}}